{"id":27,"date":"2025-09-13T11:47:02","date_gmt":"2025-09-13T11:47:02","guid":{"rendered":"https:\/\/fenerbahcehaliyikama.com\/?page_id=27"},"modified":"2025-09-13T12:41:51","modified_gmt":"2025-09-13T12:41:51","slug":"hakkimizda","status":"publish","type":"page","link":"https:\/\/fenerbahcehaliyikama.com\/?page_id=27","title":{"rendered":"Hakk\u0131m\u0131zda"},"content":{"rendered":"\n  <div id=\"page-header-1938554658\" class=\"page-header-wrapper\">\n  <div class=\"page-title dark featured-title\">\n\n    \n    <div class=\"page-title-inner container align-center flex-row medium-flex-wrap\" >\n              <div class=\"title-wrapper flex-col text-left medium-text-center\">\n          <h1 class=\"entry-title mb-0\">\n            Hakk\u0131m\u0131zda          <\/h1>\n        <\/div>\n                    <div class=\"title-content flex-col flex-right text-right medium-text-center\">\n        <div class=\"title-breadcrumbs pb-half pt-half\"><\/div>      <\/div>\n    <\/div>\n\n       <\/div>\n    <\/div>\n  \n\n<div class=\"container section-title-container\" ><h3 class=\"section-title section-title-bold-center\"><b><\/b><span class=\"section-title-main\" >Bizi Yak\u0131ndan Tan\u0131y\u0131n..<\/span><b><\/b><\/h3><\/div>\n\n<div class=\"row\"  id=\"row-907354305\">\n\n\n\t<div id=\"col-2085906766\" class=\"col small-12 large-12\"  >\n\t\t\t\t<div class=\"col-inner\"  >\n\t\t\t\n\t\t\t\n\n<h1 data-start=\"158\" data-end=\"205\">Hakk\u0131m\u0131zda \u2013 Fenerbah\u00e7e Kad\u0131k\u00f6y Hal\u0131 Y\u0131kama<img loading=\"lazy\" decoding=\"async\" class=\"size-medium wp-image-23 alignright\" src=\"https:\/\/fenerbahcehaliyikama.com\/wp-content\/uploads\/2025\/09\/e661cf9a-fda1-4464-9d62-40c38b6d0ebf-e1757763661112-300x103.png\" alt=\"\" width=\"300\" height=\"103\" srcset=\"https:\/\/fenerbahcehaliyikama.com\/wp-content\/uploads\/2025\/09\/e661cf9a-fda1-4464-9d62-40c38b6d0ebf-e1757763661112-300x103.png 300w, https:\/\/fenerbahcehaliyikama.com\/wp-content\/uploads\/2025\/09\/e661cf9a-fda1-4464-9d62-40c38b6d0ebf-e1757763661112-1024x350.png 1024w, https:\/\/fenerbahcehaliyikama.com\/wp-content\/uploads\/2025\/09\/e661cf9a-fda1-4464-9d62-40c38b6d0ebf-e1757763661112-768x263.png 768w, https:\/\/fenerbahcehaliyikama.com\/wp-content\/uploads\/2025\/09\/e661cf9a-fda1-4464-9d62-40c38b6d0ebf-e1757763661112.png 1220w\" sizes=\"auto, (max-width: 300px) 100vw, 300px\" \/><\/h1>\n<p data-start=\"207\" data-end=\"434\"><strong data-start=\"207\" data-end=\"233\">Fenerbah\u00e7e Hal\u0131 Y\u0131kama<\/strong> olarak Kad\u0131k\u00f6y ve \u00e7evresine uzun y\u0131llard\u0131r profesyonel temizlik hizmeti sunuyoruz. Amac\u0131m\u0131z, m\u00fc\u015fterilerimize sadece temiz hal\u0131lar de\u011fil; sa\u011fl\u0131kl\u0131, hijyenik ve konforlu ya\u015fam alanlar\u0131 kazand\u0131rmakt\u0131r.<\/p>\n<p data-start=\"436\" data-end=\"774\">Hal\u0131lar, ev ve i\u015f yerlerinin en \u00f6nemli dekorasyon unsurlar\u0131ndan biridir. Ancak g\u00fcnl\u00fck kullan\u0131m, \u015fehir ya\u015fam\u0131n\u0131n getirdi\u011fi yo\u011funluk ve \u00e7evresel fakt\u00f6rler nedeniyle hal\u0131lar zamanla y\u0131pran\u0131r, kirlenir ve hijyenini kaybeder. Bizler, modern ekipmanlar\u0131m\u0131z ve uzman kadromuzla hal\u0131lar\u0131n\u0131z\u0131 ilk g\u00fcnk\u00fc temizli\u011fine ve canl\u0131l\u0131\u011f\u0131na kavu\u015fturuyoruz.<\/p>\n<hr data-start=\"776\" data-end=\"779\" \/>\n<h2 data-start=\"781\" data-end=\"824\">Fenerbah\u00e7e Kad\u0131k\u00f6y\u2019de G\u00fcvenilir Hizmet<\/h2>\n<p data-start=\"826\" data-end=\"1120\">Kad\u0131k\u00f6y\u2019\u00fcn en \u00f6zel semtlerinden biri olan <strong data-start=\"868\" data-end=\"895\">Fenerbah\u00e7e\u2019deki \u015fubemiz<\/strong>, m\u00fc\u015fterilerimize h\u0131zl\u0131 ve g\u00fcvenilir hizmet sunmak i\u00e7in kurulmu\u015ftur. Yerel hizmet avantaj\u0131 sayesinde hal\u0131lar\u0131n\u0131z \u00fccretsiz servis arac\u0131l\u0131\u011f\u0131yla adresinizden al\u0131n\u0131r, fabrikam\u0131zda \u00f6zenle temizlenir ve k\u0131sa s\u00fcrede teslim edilir.<\/p>\n<hr data-start=\"1122\" data-end=\"1125\" \/>\n<h2 data-start=\"1127\" data-end=\"1158\">Fabrikam\u0131z ve Teknolojimiz<\/h2>\n<p data-start=\"1160\" data-end=\"1214\">\u00dcmraniye\u2019de bulunan modern hal\u0131 y\u0131kama fabrikam\u0131zda:<\/p>\n<ul data-start=\"1215\" data-end=\"1322\">\n<li data-start=\"1215\" data-end=\"1241\">\n<p data-start=\"1217\" data-end=\"1241\">Tam otomatik makineler<\/p>\n<\/li>\n<li data-start=\"1242\" data-end=\"1293\">\n<p data-start=\"1244\" data-end=\"1293\">Antibakteriyel ve \u00e7evre dostu temizlik \u00fcr\u00fcnleri<\/p>\n<\/li>\n<li data-start=\"1294\" data-end=\"1322\">\n<p data-start=\"1296\" data-end=\"1322\">G\u00fc\u00e7l\u00fc kurutma sistemleri<\/p>\n<\/li>\n<\/ul>\n<p data-start=\"1324\" data-end=\"1413\">kullan\u0131lmaktad\u0131r. Bu sayede her hal\u0131, yap\u0131s\u0131na zarar vermeden derinlemesine temizlenir.<\/p>\n<hr data-start=\"1415\" data-end=\"1418\" \/>\n<h2 data-start=\"1420\" data-end=\"1435\">Misyonumuz<\/h2>\n<p data-start=\"1437\" data-end=\"1584\">Misyonumuz, Kad\u0131k\u00f6y ve Fenerbah\u00e7e\u2019de ya\u015fayan m\u00fc\u015fterilerimize <strong data-start=\"1498\" data-end=\"1561\">y\u00fcksek kaliteyi, uygun fiyat\u0131 ve %100 m\u00fc\u015fteri memnuniyetini<\/strong> bir arada sunmakt\u0131r.<\/p>\n<hr data-start=\"1586\" data-end=\"1589\" \/>\n<h2 data-start=\"1591\" data-end=\"1626\">Neden Bizi Tercih Etmelisiniz?<\/h2>\n<ul data-start=\"1628\" data-end=\"1848\">\n<li data-start=\"1628\" data-end=\"1672\">\n<p data-start=\"1630\" data-end=\"1672\">Fenerbah\u00e7e Kad\u0131k\u00f6y\u2019de yerel \u015fube deste\u011fi<\/p>\n<\/li>\n<li data-start=\"1673\" data-end=\"1725\">\n<p data-start=\"1675\" data-end=\"1725\">\u00dcmraniye\u2019de g\u00fc\u00e7l\u00fc makine parkuruna sahip fabrika<\/p>\n<\/li>\n<li data-start=\"1726\" data-end=\"1759\">\n<p data-start=\"1728\" data-end=\"1759\">Deneyimli ve profesyonel ekip<\/p>\n<\/li>\n<li data-start=\"1760\" data-end=\"1797\">\n<p data-start=\"1762\" data-end=\"1797\">\u00dccretsiz servis ve h\u0131zl\u0131 teslimat<\/p>\n<\/li>\n<li data-start=\"1798\" data-end=\"1848\">\n<p data-start=\"1800\" data-end=\"1848\">Antibakteriyel, hijyenik ve garantili temizlik<\/p>\n<\/li>\n<\/ul>\n<hr data-start=\"1850\" data-end=\"1853\" \/>\n<h2 data-start=\"1855\" data-end=\"1868\">\u0130leti\u015fim<\/h2>\n<p data-start=\"1870\" data-end=\"2166\">\ud83d\udccd <strong data-start=\"1873\" data-end=\"1900\">Fenerbah\u00e7e Kad\u0131k\u00f6y \u015eube<\/strong>: H\u00fcseyin Pa\u015fa \u00c7\u0131kmaz\u0131 Sokak No:1, Feneryolu Mahallesi \u2013 Kad\u0131k\u00f6y \/ \u0130stanbul<br data-start=\"1975\" data-end=\"1978\" \/>\ud83c\udfed <strong data-start=\"1981\" data-end=\"1999\">Merkez Fabrika<\/strong>: Esenevler Mahallesi, Bala Sokak No:8, \u00dcmraniye \/ \u0130stanbul<br data-start=\"2058\" data-end=\"2061\" \/>\ud83d\udcde <strong data-start=\"2064\" data-end=\"2075\">Telefon<\/strong>: 0543 599 22 62 \u2013 0532 677 84 81 \u2013 0216 397 32 52<br data-start=\"2125\" data-end=\"2128\" \/>\ud83c\udf10 <strong data-start=\"2131\" data-end=\"2138\">Web<\/strong>: fenerbahcehaliyikama.com<\/p>\n\n\t\t<\/div>\n\t\t\t\t\t<\/div>\n\n\t\n\n<\/div>\n\n","protected":false},"excerpt":{"rendered":"","protected":false},"author":1,"featured_media":0,"parent":0,"menu_order":0,"comment_status":"closed","ping_status":"closed","template":"page-blank.php","meta":{"footnotes":""},"class_list":["post-27","page","type-page","status-publish","hentry"],"_links":{"self":[{"href":"https:\/\/fenerbahcehaliyikama.com\/index.php?rest_route=\/wp\/v2\/pages\/27","targetHints":{"allow":["GET"]}}],"collection":[{"href":"https:\/\/fenerbahcehaliyikama.com\/index.php?rest_route=\/wp\/v2\/pages"}],"about":[{"href":"https:\/\/fenerbahcehaliyikama.com\/index.php?rest_route=\/wp\/v2\/types\/page"}],"author":[{"embeddable":true,"href":"https:\/\/fenerbahcehaliyikama.com\/index.php?rest_route=\/wp\/v2\/users\/1"}],"replies":[{"embeddable":true,"href":"https:\/\/fenerbahcehaliyikama.com\/index.php?rest_route=%2Fwp%2Fv2%2Fcomments&post=27"}],"version-history":[{"count":2,"href":"https:\/\/fenerbahcehaliyikama.com\/index.php?rest_route=\/wp\/v2\/pages\/27\/revisions"}],"predecessor-version":[{"id":59,"href":"https:\/\/fenerbahcehaliyikama.com\/index.php?rest_route=\/wp\/v2\/pages\/27\/revisions\/59"}],"wp:attachment":[{"href":"https:\/\/fenerbahcehaliyikama.com\/index.php?rest_route=%2Fwp%2Fv2%2Fmedia&parent=27"}],"curies":[{"name":"wp","href":"https:\/\/api.w.org\/{rel}","templated":true}]}}